{"id":54,"date":"2024-01-04T14:13:15","date_gmt":"2024-01-04T13:13:15","guid":{"rendered":"http:\/\/boks-meteo-lancrans.fr\/?page_id=54"},"modified":"2025-10-03T14:02:35","modified_gmt":"2025-10-03T12:02:35","slug":"info-station","status":"publish","type":"page","link":"http:\/\/boks-meteo-lancrans.fr\/index.php\/info-station\/","title":{"rendered":"Info &#8211; Station"},"content":{"rendered":"\t\t<div data-elementor-type=\"wp-page\" data-elementor-id=\"54\" class=\"elementor elementor-54\">\n\t\t\t\t<div class=\"elementor-element elementor-element-feff6ce e-flex e-con-boxed e-con e-parent\" data-id=\"feff6ce\" data-element_type=\"container\" data-e-type=\"container\">\n\t\t\t\t\t<div class=\"e-con-inner\">\n\t\t<div class=\"elementor-element elementor-element-4a04ac9 e-flex e-con-boxed e-con e-child\" data-id=\"4a04ac9\" data-element_type=\"container\" data-e-type=\"container\">\n\t\t\t\t\t<div class=\"e-con-inner\">\n\t\t\t\t<div class=\"elementor-element elementor-element-46c69d6 elementor-widget elementor-widget-heading\" data-id=\"46c69d6\" data-element_type=\"widget\" data-e-type=\"widget\" data-widget_type=\"heading.default\">\n\t\t\t\t<div class=\"elementor-widget-container\">\n\t\t\t\t\t<h2 class=\"elementor-heading-title elementor-size-default\">Station 1 - WS2300 de Lacrosse Technology<\/h2>\t\t\t\t<\/div>\n\t\t\t\t<\/div>\n\t\t\t\t\t<\/div>\n\t\t\t\t<\/div>\n\t\t<div class=\"elementor-element elementor-element-18b50f7 e-con-full e-flex e-con e-child\" data-id=\"18b50f7\" data-element_type=\"container\" data-e-type=\"container\">\n\t\t\t\t<div class=\"elementor-element elementor-element-d3cc0d8 elementor-widget elementor-widget-text-editor\" data-id=\"d3cc0d8\" data-element_type=\"widget\" data-e-type=\"widget\" data-widget_type=\"text-editor.default\">\n\t\t\t\t<div class=\"elementor-widget-container\">\n\t\t\t\t\t\t\t\t\t<p>Les relev\u00e9s sont effectu\u00e9s depuis le 01\/10\/2007 par une station WS2300 de Lacrosse Tecnology.<\/p><p>Cette station automatique mesure les param\u00e8tres suivants et les enregistrent toutes les 10 minutes : <br \/>&#8211; Temp\u00e9rature ext\u00e9rieure.<br \/>&#8211; Humidit\u00e9 ext\u00e9rieure.<br \/>&#8211; Point de ros\u00e9e.<br \/>&#8211; Facteur vent.<br \/>&#8211; Facteur humidex.<br \/>&#8211; Hauteur de pr\u00e9cipitations.<br \/>&#8211; Vent (vitesse et direction)<br \/>Les rafales ne sont pas prises en compte.<br \/>&#8211; Pression relative.<\/p>\t\t\t\t\t\t\t\t<\/div>\n\t\t\t\t<\/div>\n\t\t\t\t<\/div>\n\t\t<div class=\"elementor-element elementor-element-7bcc085 e-con-full e-flex e-con e-child\" data-id=\"7bcc085\" data-element_type=\"container\" data-e-type=\"container\">\n\t\t\t\t<div class=\"elementor-element elementor-element-85282cf elementor-widget__width-initial elementor-widget elementor-widget-image\" data-id=\"85282cf\" data-element_type=\"widget\" data-e-type=\"widget\" data-widget_type=\"image.default\">\n\t\t\t\t<div class=\"elementor-widget-container\">\n\t\t\t\t\t\t\t\t\t\t\t\t\t\t\t<img fetchpriority=\"high\" decoding=\"async\" width=\"640\" height=\"427\" src=\"http:\/\/boks-meteo-lancrans.fr\/wp-content\/uploads\/2024\/01\/new_station1.jpg\" class=\"attachment-large size-large wp-image-57\" alt=\"\" srcset=\"http:\/\/boks-meteo-lancrans.fr\/wp-content\/uploads\/2024\/01\/new_station1.jpg 640w, http:\/\/boks-meteo-lancrans.fr\/wp-content\/uploads\/2024\/01\/new_station1-300x200.jpg 300w\" sizes=\"(max-width: 640px) 100vw, 640px\" \/>\t\t\t\t\t\t\t\t\t\t\t\t\t\t\t<\/div>\n\t\t\t\t<\/div>\n\t\t\t\t<\/div>\n\t\t\t\t\t<\/div>\n\t\t\t\t<\/div>\n\t\t<div class=\"elementor-element elementor-element-9adf28a e-flex e-con-boxed e-con e-parent\" data-id=\"9adf28a\" data-element_type=\"container\" data-e-type=\"container\">\n\t\t\t\t\t<div class=\"e-con-inner\">\n\t\t<div class=\"elementor-element elementor-element-52e2665 e-con-full e-flex e-con e-child\" data-id=\"52e2665\" data-element_type=\"container\" data-e-type=\"container\">\n\t\t\t\t<div class=\"elementor-element elementor-element-41d11a2 elementor-widget elementor-widget-heading\" data-id=\"41d11a2\" data-element_type=\"widget\" data-e-type=\"widget\" data-widget_type=\"heading.default\">\n\t\t\t\t<div class=\"elementor-widget-container\">\n\t\t\t\t\t<h2 class=\"elementor-heading-title elementor-size-default\">Traitement et affichage des donn\u00e9es<\/h2>\t\t\t\t<\/div>\n\t\t\t\t<\/div>\n\t\t\t\t<\/div>\n\t\t<div class=\"elementor-element elementor-element-72e92e0 e-con-full e-flex e-con e-child\" data-id=\"72e92e0\" data-element_type=\"container\" data-e-type=\"container\">\n\t\t\t\t<div class=\"elementor-element elementor-element-c7cb40a elementor-widget__width-initial elementor-widget elementor-widget-text-editor\" data-id=\"c7cb40a\" data-element_type=\"widget\" data-e-type=\"widget\" data-widget_type=\"text-editor.default\">\n\t\t\t\t<div class=\"elementor-widget-container\">\n\t\t\t\t\t\t\t\t\t<p>Les stations sont connect\u00e9es en permanence \u00e0 un PC et les donn\u00e9es sont captur\u00e9es et trait\u00e9es par le logiciel GraphWeather. <br \/>Les donn\u00e9es sont export\u00e9es vers une base de donn\u00e9e MySQL.<\/p><p>L&rsquo;interface web est install\u00e9 sur un raspberry.<\/p>\t\t\t\t\t\t\t\t<\/div>\n\t\t\t\t<\/div>\n\t\t\t\t<\/div>\n\t\t<div class=\"elementor-element elementor-element-fc75315 e-con-full e-flex e-con e-child\" data-id=\"fc75315\" data-element_type=\"container\" data-e-type=\"container\">\n\t\t\t\t<div class=\"elementor-element elementor-element-6223ac1 elementor-widget elementor-widget-image\" data-id=\"6223ac1\" data-element_type=\"widget\" data-e-type=\"widget\" data-widget_type=\"image.default\">\n\t\t\t\t<div class=\"elementor-widget-container\">\n\t\t\t\t\t\t\t\t\t\t\t\t\t\t\t<img decoding=\"async\" width=\"250\" height=\"150\" src=\"http:\/\/boks-meteo-lancrans.fr\/wp-content\/uploads\/2024\/01\/graphweather.gif\" class=\"attachment-large size-large wp-image-59\" alt=\"\" \/>\t\t\t\t\t\t\t\t\t\t\t\t\t\t\t<\/div>\n\t\t\t\t<\/div>\n\t\t\t\t<\/div>\n\t\t\t\t\t<\/div>\n\t\t\t\t<\/div>\n\t\t\t\t<\/div>\n\t\t","protected":false},"excerpt":{"rendered":"<p>Station 1 &#8211; WS2300 de Lacrosse Technology Les relev\u00e9s sont effectu\u00e9s depuis le 01\/10\/2007 par une station WS2300 de Lacrosse Tecnology. Cette station automatique mesure &hellip; <\/p>\n","protected":false},"author":1,"featured_media":0,"parent":0,"menu_order":0,"comment_status":"closed","ping_status":"closed","template":"","meta":{"footnotes":""},"class_list":["post-54","page","type-page","status-publish","hentry"],"_links":{"self":[{"href":"http:\/\/boks-meteo-lancrans.fr\/index.php\/wp-json\/wp\/v2\/pages\/54","targetHints":{"allow":["GET"]}}],"collection":[{"href":"http:\/\/boks-meteo-lancrans.fr\/index.php\/wp-json\/wp\/v2\/pages"}],"about":[{"href":"http:\/\/boks-meteo-lancrans.fr\/index.php\/wp-json\/wp\/v2\/types\/page"}],"author":[{"embeddable":true,"href":"http:\/\/boks-meteo-lancrans.fr\/index.php\/wp-json\/wp\/v2\/users\/1"}],"replies":[{"embeddable":true,"href":"http:\/\/boks-meteo-lancrans.fr\/index.php\/wp-json\/wp\/v2\/comments?post=54"}],"version-history":[{"count":22,"href":"http:\/\/boks-meteo-lancrans.fr\/index.php\/wp-json\/wp\/v2\/pages\/54\/revisions"}],"predecessor-version":[{"id":5153,"href":"http:\/\/boks-meteo-lancrans.fr\/index.php\/wp-json\/wp\/v2\/pages\/54\/revisions\/5153"}],"wp:attachment":[{"href":"http:\/\/boks-meteo-lancrans.fr\/index.php\/wp-json\/wp\/v2\/media?parent=54"}],"curies":[{"name":"wp","href":"https:\/\/api.w.org\/{rel}","templated":true}]}}