{"id":371,"date":"2024-02-03T07:34:51","date_gmt":"2024-02-03T06:34:51","guid":{"rendered":"http:\/\/boks-meteo-lancrans.fr\/?page_id=371"},"modified":"2025-07-28T14:07:58","modified_gmt":"2025-07-28T12:07:58","slug":"previsions-meteo","status":"publish","type":"page","link":"http:\/\/boks-meteo-lancrans.fr\/index.php\/previsions-meteo\/","title":{"rendered":"Pr\u00e9visions M\u00e9t\u00e9o"},"content":{"rendered":"\t\t<div data-elementor-type=\"wp-page\" data-elementor-id=\"371\" class=\"elementor elementor-371\">\n\t\t\t\t<div class=\"elementor-element elementor-element-0250fbb e-con-full e-flex e-con e-parent\" data-id=\"0250fbb\" data-element_type=\"container\" data-e-type=\"container\">\n\t\t\t\t<div class=\"elementor-element elementor-element-5b51012 elementor-widget__width-initial elementor-widget elementor-widget-html\" data-id=\"5b51012\" data-element_type=\"widget\" data-e-type=\"widget\" data-widget_type=\"html.default\">\n\t\t\t\t<div class=\"elementor-widget-container\">\n\t\t\t\t\t<iframe src=\"https:\/\/www.meteoblue.com\/fr\/meteo\/widget\/three\/lancrans_france_3007909?geoloc=fixed&nocurrent=0&noforecast=0&days=7&tempunit=CELSIUS&windunit=KILOMETER_PER_HOUR&layout=image\"  frameborder=\"0\" scrolling=\"NO\" allowtransparency=\"true\" sandbox=\"allow-same-origin allow-scripts allow-popups allow-popups-to-escape-sandbox\" style=\"width: 805px; height: 610px\"><\/iframe><div><!-- DO NOT REMOVE THIS LINK --><a href=\"https:\/\/www.meteoblue.com\/fr\/meteo\/semaine\/lancrans_france_3007909?utm_source=three_widget&utm_medium=linkus&utm_content=three&utm_campaign=Weather%2BWidget\" target=\"_blank\" rel=\"noopener\"><\/a><\/div>\t\t\t\t<\/div>\n\t\t\t\t<\/div>\n\t\t\t\t<\/div>\n\t\t\t\t<\/div>\n\t\t","protected":false},"excerpt":{"rendered":"","protected":false},"author":1,"featured_media":0,"parent":0,"menu_order":0,"comment_status":"closed","ping_status":"closed","template":"","meta":{"footnotes":""},"class_list":["post-371","page","type-page","status-publish","hentry"],"_links":{"self":[{"href":"http:\/\/boks-meteo-lancrans.fr\/index.php\/wp-json\/wp\/v2\/pages\/371","targetHints":{"allow":["GET"]}}],"collection":[{"href":"http:\/\/boks-meteo-lancrans.fr\/index.php\/wp-json\/wp\/v2\/pages"}],"about":[{"href":"http:\/\/boks-meteo-lancrans.fr\/index.php\/wp-json\/wp\/v2\/types\/page"}],"author":[{"embeddable":true,"href":"http:\/\/boks-meteo-lancrans.fr\/index.php\/wp-json\/wp\/v2\/users\/1"}],"replies":[{"embeddable":true,"href":"http:\/\/boks-meteo-lancrans.fr\/index.php\/wp-json\/wp\/v2\/comments?post=371"}],"version-history":[{"count":433,"href":"http:\/\/boks-meteo-lancrans.fr\/index.php\/wp-json\/wp\/v2\/pages\/371\/revisions"}],"predecessor-version":[{"id":4766,"href":"http:\/\/boks-meteo-lancrans.fr\/index.php\/wp-json\/wp\/v2\/pages\/371\/revisions\/4766"}],"wp:attachment":[{"href":"http:\/\/boks-meteo-lancrans.fr\/index.php\/wp-json\/wp\/v2\/media?parent=371"}],"curies":[{"name":"wp","href":"https:\/\/api.w.org\/{rel}","templated":true}]}}